{"id":13294,"date":"2026-02-10T02:00:19","date_gmt":"2026-02-10T02:00:19","guid":{"rendered":"https:\/\/smoothsurfing.shop\/?post_type=product&#038;p=13294"},"modified":"2026-02-10T02:03:31","modified_gmt":"2026-02-10T02:03:31","slug":"cajas-zapatos-transparente-foldable-6-pisos-organizador-almacenamiento-almacenaje-guardar-zapatos-shoe-boxes-storehookzilo","status":"publish","type":"product","link":"https:\/\/smoothsurfing.shop\/es\/producto\/cajas-zapatos-transparente-foldable-6-pisos-organizador-almacenamiento-almacenaje-guardar-zapatos-shoe-boxes-storehookzilo\/","title":{"rendered":"Cajas Zapatos Transparente Plegable 6 Pisos Organizador Almacenamiento Almacenaje Guardar Zapatos Cajas de zapatos storehookzilo"},"content":{"rendered":"<div data-elementor-type=\"product-post\" data-elementor-id=\"13294\" class=\"elementor elementor-13294\" data-elementor-post-type=\"product\">\n\t\t\t\t<div class=\"elementor-element elementor-element-2f7a2a2e e-flex e-con-boxed e-con e-parent\" data-id=\"2f7a2a2e\" data-element_type=\"container\" data-settings=\"{&quot;ekit_has_onepagescroll_dot&quot;:&quot;yes&quot;}\">\n\t\t\t\t\t<div class=\"e-con-inner\">\n\t\t\t\t<div class=\"elementor-element elementor-element-514f011d elementor-widget elementor-widget-image\" data-id=\"514f011d\" data-element_type=\"widget\" data-settings=\"{&quot;ekit_we_effect_on&quot;:&quot;none&quot;}\" data-widget_type=\"image.default\">\n\t\t\t\t<div class=\"elementor-widget-container\">\n\t\t\t\t\t\t\t\t\t\t\t\t\t\t\t<img loading=\"lazy\" decoding=\"async\" width=\"970\" height=\"600\" src=\"https:\/\/smoothsurfing.shop\/wp-content\/uploads\/2026\/02\/6de3a8ab-0da8-448f-94be-bf0667a61df7.__CR00970600_PT0_SX970_V1___.jpg\" class=\"attachment-full size-full wp-image-13303 wvs-archive-product-image\" alt=\"\" srcset=\"https:\/\/smoothsurfing.shop\/wp-content\/uploads\/2026\/02\/6de3a8ab-0da8-448f-94be-bf0667a61df7.__CR00970600_PT0_SX970_V1___.jpg 970w, https:\/\/smoothsurfing.shop\/wp-content\/uploads\/2026\/02\/6de3a8ab-0da8-448f-94be-bf0667a61df7.__CR00970600_PT0_SX970_V1___-300x186.jpg 300w, https:\/\/smoothsurfing.shop\/wp-content\/uploads\/2026\/02\/6de3a8ab-0da8-448f-94be-bf0667a61df7.__CR00970600_PT0_SX970_V1___-768x475.jpg 768w, https:\/\/smoothsurfing.shop\/wp-content\/uploads\/2026\/02\/6de3a8ab-0da8-448f-94be-bf0667a61df7.__CR00970600_PT0_SX970_V1___-18x12.jpg 18w, https:\/\/smoothsurfing.shop\/wp-content\/uploads\/2026\/02\/6de3a8ab-0da8-448f-94be-bf0667a61df7.__CR00970600_PT0_SX970_V1___-600x371.jpg 600w, https:\/\/smoothsurfing.shop\/wp-content\/uploads\/2026\/02\/6de3a8ab-0da8-448f-94be-bf0667a61df7.__CR00970600_PT0_SX970_V1___-1x1.jpg 1w, https:\/\/smoothsurfing.shop\/wp-content\/uploads\/2026\/02\/6de3a8ab-0da8-448f-94be-bf0667a61df7.__CR00970600_PT0_SX970_V1___-10x6.jpg 10w\" sizes=\"auto, (max-width: 970px) 100vw, 970px\" \/>\t\t\t\t\t\t\t\t\t\t\t\t\t\t\t<\/div>\n\t\t\t\t<\/div>\n\t\t\t\t<div class=\"elementor-element elementor-element-368894f3 elementor-widget elementor-widget-image\" data-id=\"368894f3\" data-element_type=\"widget\" data-settings=\"{&quot;ekit_we_effect_on&quot;:&quot;none&quot;}\" data-widget_type=\"image.default\">\n\t\t\t\t<div class=\"elementor-widget-container\">\n\t\t\t\t\t\t\t\t\t\t\t\t\t\t\t<img loading=\"lazy\" decoding=\"async\" width=\"970\" height=\"600\" src=\"https:\/\/smoothsurfing.shop\/wp-content\/uploads\/2026\/02\/e3d0d445-8626-46fa-b7e0-3eeb0d3a2fa5.__CR00970600_PT0_SX970_V1___.jpg\" class=\"attachment-large size-large wp-image-13304 wvs-archive-product-image\" alt=\"\" srcset=\"https:\/\/smoothsurfing.shop\/wp-content\/uploads\/2026\/02\/e3d0d445-8626-46fa-b7e0-3eeb0d3a2fa5.__CR00970600_PT0_SX970_V1___.jpg 970w, https:\/\/smoothsurfing.shop\/wp-content\/uploads\/2026\/02\/e3d0d445-8626-46fa-b7e0-3eeb0d3a2fa5.__CR00970600_PT0_SX970_V1___-300x186.jpg 300w, https:\/\/smoothsurfing.shop\/wp-content\/uploads\/2026\/02\/e3d0d445-8626-46fa-b7e0-3eeb0d3a2fa5.__CR00970600_PT0_SX970_V1___-768x475.jpg 768w, https:\/\/smoothsurfing.shop\/wp-content\/uploads\/2026\/02\/e3d0d445-8626-46fa-b7e0-3eeb0d3a2fa5.__CR00970600_PT0_SX970_V1___-18x12.jpg 18w, https:\/\/smoothsurfing.shop\/wp-content\/uploads\/2026\/02\/e3d0d445-8626-46fa-b7e0-3eeb0d3a2fa5.__CR00970600_PT0_SX970_V1___-600x371.jpg 600w, https:\/\/smoothsurfing.shop\/wp-content\/uploads\/2026\/02\/e3d0d445-8626-46fa-b7e0-3eeb0d3a2fa5.__CR00970600_PT0_SX970_V1___-1x1.jpg 1w, https:\/\/smoothsurfing.shop\/wp-content\/uploads\/2026\/02\/e3d0d445-8626-46fa-b7e0-3eeb0d3a2fa5.__CR00970600_PT0_SX970_V1___-10x6.jpg 10w\" sizes=\"auto, (max-width: 970px) 100vw, 970px\" \/>\t\t\t\t\t\t\t\t\t\t\t\t\t\t\t<\/div>\n\t\t\t\t<\/div>\n\t\t\t\t\t<\/div>\n\t\t\t\t<\/div>\n\t\t<div class=\"elementor-element elementor-element-683e912f e-flex e-con-boxed e-con e-parent\" data-id=\"683e912f\" data-element_type=\"container\" data-settings=\"{&quot;ekit_has_onepagescroll_dot&quot;:&quot;yes&quot;}\">\n\t\t\t\t\t<div class=\"e-con-inner\">\n\t\t<div class=\"elementor-element elementor-element-3c94347f e-con-full e-grid e-con e-child\" data-id=\"3c94347f\" data-element_type=\"container\" data-settings=\"{&quot;ekit_has_onepagescroll_dot&quot;:&quot;yes&quot;}\">\n\t\t\t\t<div class=\"elementor-element elementor-element-4085b11f elementor-widget elementor-widget-image\" data-id=\"4085b11f\" data-element_type=\"widget\" data-settings=\"{&quot;ekit_we_effect_on&quot;:&quot;none&quot;}\" data-widget_type=\"image.default\">\n\t\t\t\t<div class=\"elementor-widget-container\">\n\t\t\t\t\t\t\t\t\t\t\t\t\t\t\t<img loading=\"lazy\" decoding=\"async\" width=\"300\" height=\"300\" src=\"https:\/\/smoothsurfing.shop\/wp-content\/uploads\/2026\/02\/27cf5881-60a5-40c7-b0d5-2d3c84a6d68e.__CR00300300_PT0_SX300_V1___.jpg\" class=\"attachment-large size-large wp-image-13305 wvs-archive-product-image\" alt=\"\" srcset=\"https:\/\/smoothsurfing.shop\/wp-content\/uploads\/2026\/02\/27cf5881-60a5-40c7-b0d5-2d3c84a6d68e.__CR00300300_PT0_SX300_V1___.jpg 300w, https:\/\/smoothsurfing.shop\/wp-content\/uploads\/2026\/02\/27cf5881-60a5-40c7-b0d5-2d3c84a6d68e.__CR00300300_PT0_SX300_V1___-150x150.jpg 150w, https:\/\/smoothsurfing.shop\/wp-content\/uploads\/2026\/02\/27cf5881-60a5-40c7-b0d5-2d3c84a6d68e.__CR00300300_PT0_SX300_V1___-12x12.jpg 12w, https:\/\/smoothsurfing.shop\/wp-content\/uploads\/2026\/02\/27cf5881-60a5-40c7-b0d5-2d3c84a6d68e.__CR00300300_PT0_SX300_V1___-100x100.jpg 100w, https:\/\/smoothsurfing.shop\/wp-content\/uploads\/2026\/02\/27cf5881-60a5-40c7-b0d5-2d3c84a6d68e.__CR00300300_PT0_SX300_V1___-50x50.jpg 50w, https:\/\/smoothsurfing.shop\/wp-content\/uploads\/2026\/02\/27cf5881-60a5-40c7-b0d5-2d3c84a6d68e.__CR00300300_PT0_SX300_V1___-1x1.jpg 1w, https:\/\/smoothsurfing.shop\/wp-content\/uploads\/2026\/02\/27cf5881-60a5-40c7-b0d5-2d3c84a6d68e.__CR00300300_PT0_SX300_V1___-10x10.jpg 10w\" sizes=\"auto, (max-width: 300px) 100vw, 300px\" \/>\t\t\t\t\t\t\t\t\t\t\t\t\t\t\t<\/div>\n\t\t\t\t<\/div>\n\t\t\t\t<div class=\"elementor-element elementor-element-3cef5046 elementor-widget elementor-widget-image\" data-id=\"3cef5046\" data-element_type=\"widget\" data-settings=\"{&quot;ekit_we_effect_on&quot;:&quot;none&quot;}\" data-widget_type=\"image.default\">\n\t\t\t\t<div class=\"elementor-widget-container\">\n\t\t\t\t\t\t\t\t\t\t\t\t\t\t\t<img loading=\"lazy\" decoding=\"async\" width=\"300\" height=\"300\" src=\"https:\/\/smoothsurfing.shop\/wp-content\/uploads\/2026\/02\/b33822ee-ce8f-47b1-b685-076e6967aac3.__CR00300300_PT0_SX300_V1___.jpg\" class=\"attachment-large size-large wp-image-13306 wvs-archive-product-image\" alt=\"\" srcset=\"https:\/\/smoothsurfing.shop\/wp-content\/uploads\/2026\/02\/b33822ee-ce8f-47b1-b685-076e6967aac3.__CR00300300_PT0_SX300_V1___.jpg 300w, https:\/\/smoothsurfing.shop\/wp-content\/uploads\/2026\/02\/b33822ee-ce8f-47b1-b685-076e6967aac3.__CR00300300_PT0_SX300_V1___-150x150.jpg 150w, https:\/\/smoothsurfing.shop\/wp-content\/uploads\/2026\/02\/b33822ee-ce8f-47b1-b685-076e6967aac3.__CR00300300_PT0_SX300_V1___-12x12.jpg 12w, https:\/\/smoothsurfing.shop\/wp-content\/uploads\/2026\/02\/b33822ee-ce8f-47b1-b685-076e6967aac3.__CR00300300_PT0_SX300_V1___-100x100.jpg 100w, https:\/\/smoothsurfing.shop\/wp-content\/uploads\/2026\/02\/b33822ee-ce8f-47b1-b685-076e6967aac3.__CR00300300_PT0_SX300_V1___-50x50.jpg 50w, https:\/\/smoothsurfing.shop\/wp-content\/uploads\/2026\/02\/b33822ee-ce8f-47b1-b685-076e6967aac3.__CR00300300_PT0_SX300_V1___-1x1.jpg 1w, https:\/\/smoothsurfing.shop\/wp-content\/uploads\/2026\/02\/b33822ee-ce8f-47b1-b685-076e6967aac3.__CR00300300_PT0_SX300_V1___-10x10.jpg 10w\" sizes=\"auto, (max-width: 300px) 100vw, 300px\" \/>\t\t\t\t\t\t\t\t\t\t\t\t\t\t\t<\/div>\n\t\t\t\t<\/div>\n\t\t\t\t<div class=\"elementor-element elementor-element-187a8297 elementor-widget elementor-widget-image\" data-id=\"187a8297\" data-element_type=\"widget\" data-settings=\"{&quot;ekit_we_effect_on&quot;:&quot;none&quot;}\" data-widget_type=\"image.default\">\n\t\t\t\t<div class=\"elementor-widget-container\">\n\t\t\t\t\t\t\t\t\t\t\t\t\t\t\t<img loading=\"lazy\" decoding=\"async\" width=\"300\" height=\"300\" src=\"https:\/\/smoothsurfing.shop\/wp-content\/uploads\/2026\/02\/d01dfa78-9c89-4a1e-8e1a-07ad0155dae9.__CR00300300_PT0_SX300_V1___.jpg\" class=\"attachment-large size-large wp-image-13307 wvs-archive-product-image\" alt=\"\" srcset=\"https:\/\/smoothsurfing.shop\/wp-content\/uploads\/2026\/02\/d01dfa78-9c89-4a1e-8e1a-07ad0155dae9.__CR00300300_PT0_SX300_V1___.jpg 300w, https:\/\/smoothsurfing.shop\/wp-content\/uploads\/2026\/02\/d01dfa78-9c89-4a1e-8e1a-07ad0155dae9.__CR00300300_PT0_SX300_V1___-150x150.jpg 150w, https:\/\/smoothsurfing.shop\/wp-content\/uploads\/2026\/02\/d01dfa78-9c89-4a1e-8e1a-07ad0155dae9.__CR00300300_PT0_SX300_V1___-12x12.jpg 12w, https:\/\/smoothsurfing.shop\/wp-content\/uploads\/2026\/02\/d01dfa78-9c89-4a1e-8e1a-07ad0155dae9.__CR00300300_PT0_SX300_V1___-100x100.jpg 100w, https:\/\/smoothsurfing.shop\/wp-content\/uploads\/2026\/02\/d01dfa78-9c89-4a1e-8e1a-07ad0155dae9.__CR00300300_PT0_SX300_V1___-50x50.jpg 50w, https:\/\/smoothsurfing.shop\/wp-content\/uploads\/2026\/02\/d01dfa78-9c89-4a1e-8e1a-07ad0155dae9.__CR00300300_PT0_SX300_V1___-1x1.jpg 1w, https:\/\/smoothsurfing.shop\/wp-content\/uploads\/2026\/02\/d01dfa78-9c89-4a1e-8e1a-07ad0155dae9.__CR00300300_PT0_SX300_V1___-10x10.jpg 10w\" sizes=\"auto, (max-width: 300px) 100vw, 300px\" \/>\t\t\t\t\t\t\t\t\t\t\t\t\t\t\t<\/div>\n\t\t\t\t<\/div>\n\t\t\t\t<\/div>\n\t\t<div class=\"elementor-element elementor-element-48db7f7d e-con-full e-flex e-con e-child\" data-id=\"48db7f7d\" data-element_type=\"container\" data-settings=\"{&quot;ekit_has_onepagescroll_dot&quot;:&quot;yes&quot;}\">\n\t\t\t\t<div class=\"elementor-element elementor-element-714e71e4 elementor-widget elementor-widget-text-editor\" data-id=\"714e71e4\" data-element_type=\"widget\" data-settings=\"{&quot;ekit_we_effect_on&quot;:&quot;none&quot;}\" data-widget_type=\"text-editor.default\">\n\t\t\t\t<div class=\"elementor-widget-container\">\n\t\t\t\t\t\t\t\t\t<div class=\"a-row\"><div class=\"a-column a-span6\"><h1 class=\"a-size-medium a-spacing-small\">Detalles t\u00e9cnicos<\/h1><\/div><\/div><div class=\"a-expander-content a-expander-extend-content\" data-expanded=\"true\"><div class=\"a-row a-expander-container a-expander-inline-container\"><div class=\"a-expander-content a-expander-section-content a-section-expander-inner\" data-expanded=\"true\"><table id=\"productDetails_techSpec_section_1\" class=\"a-keyvalue prodDetTable\"><tbody><tr><th class=\"a-color-secondary a-size-base prodDetSectionEntry\">Fabricante<\/th><td class=\"a-size-base prodDetAttrValue\">Wuciray<\/td><\/tr><tr><th class=\"a-color-secondary a-size-base prodDetSectionEntry\">Dimensiones del producto<\/th><td class=\"a-size-base prodDetAttrValue\">105 x 25,5 x 34,5 cm; 3,37 kg<\/td><\/tr><tr><th class=\"a-color-secondary a-size-base prodDetSectionEntry\">Talla<\/th><td class=\"a-size-base prodDetAttrValue\">grande<\/td><\/tr><tr><th class=\"a-color-secondary a-size-base prodDetSectionEntry\">Color<\/th><td class=\"a-size-base prodDetAttrValue\">1#<\/td><\/tr><tr><th class=\"a-color-secondary a-size-base prodDetSectionEntry\">Estilo<\/th><td class=\"a-size-base prodDetAttrValue\">Plegable<\/td><\/tr><tr><th class=\"a-color-secondary a-size-base prodDetSectionEntry\">Material<\/th><td class=\"a-size-base prodDetAttrValue\">Acrilonitrilo butadieno estireno Polipropileno<\/td><\/tr><tr><th class=\"a-color-secondary a-size-base prodDetSectionEntry\">Patr\u00f3n<\/th><td class=\"a-size-base prodDetAttrValue\">S\u00f3lido<\/td><\/tr><tr><th class=\"a-color-secondary a-size-base prodDetSectionEntry\">Forma<\/th><td class=\"a-size-base prodDetAttrValue\">Rectangular<\/td><\/tr><tr><th class=\"a-color-secondary a-size-base prodDetSectionEntry\">Art\u00edculo Paquete Cantidad<\/th><td class=\"a-size-base prodDetAttrValue\">1<\/td><\/tr><tr><th class=\"a-color-secondary a-size-base prodDetSectionEntry\">N\u00famero de piezas<\/th><td class=\"a-size-base prodDetAttrValue\">1<\/td><\/tr><tr><th class=\"a-color-secondary a-size-base prodDetSectionEntry\">Perfil del enchufe<\/th><td class=\"a-size-base prodDetAttrValue\">Montaje en el suelo<\/td><\/tr><tr><th class=\"a-color-secondary a-size-base prodDetSectionEntry\">Caracter\u00edsticas especiales<\/th><td class=\"a-size-base prodDetAttrValue\">Plegable<\/td><\/tr><tr><th class=\"a-color-secondary a-size-base prodDetSectionEntry\">\u00bfBater\u00edas incluidas?<\/th><td class=\"a-size-base prodDetAttrValue\">No<\/td><\/tr><tr><th class=\"a-color-secondary a-size-base prodDetSectionEntry\">\u00bfNecesita pilas?<\/th><td class=\"a-size-base prodDetAttrValue\">No<\/td><\/tr><tr><th class=\"a-color-secondary a-size-base prodDetSectionEntry\">Peso del art\u00edculo<\/th><td class=\"a-size-base prodDetAttrValue\">3,37 kg<\/td><\/tr><\/tbody><\/table><\/div><\/div><\/div>\t\t\t\t\t\t\t\t<\/div>\n\t\t\t\t<\/div>\n\t\t\t\t<\/div>\n\t\t\t\t\t<\/div>\n\t\t\t\t<\/div>\n\t\t<div class=\"elementor-element elementor-element-14845d04 e-flex e-con-boxed e-con e-parent\" data-id=\"14845d04\" data-element_type=\"container\" data-settings=\"{&quot;ekit_has_onepagescroll_dot&quot;:&quot;yes&quot;}\">\n\t\t\t\t\t<div class=\"e-con-inner\">\n\t\t\t\t<div class=\"elementor-element elementor-element-69719c25 elementor-widget elementor-widget-image\" data-id=\"69719c25\" data-element_type=\"widget\" data-settings=\"{&quot;ekit_we_effect_on&quot;:&quot;none&quot;}\" data-widget_type=\"image.default\">\n\t\t\t\t<div class=\"elementor-widget-container\">\n\t\t\t\t\t\t\t\t\t\t\t\t\t\t\t<img loading=\"lazy\" decoding=\"async\" width=\"970\" height=\"600\" src=\"https:\/\/smoothsurfing.shop\/wp-content\/uploads\/2026\/02\/08b25741-8c01-424d-8e23-9b340ef57486.__CR00970600_PT0_SX970_V1___.jpg\" class=\"attachment-large size-large wp-image-13308 wvs-archive-product-image\" alt=\"\" srcset=\"https:\/\/smoothsurfing.shop\/wp-content\/uploads\/2026\/02\/08b25741-8c01-424d-8e23-9b340ef57486.__CR00970600_PT0_SX970_V1___.jpg 970w, https:\/\/smoothsurfing.shop\/wp-content\/uploads\/2026\/02\/08b25741-8c01-424d-8e23-9b340ef57486.__CR00970600_PT0_SX970_V1___-300x186.jpg 300w, https:\/\/smoothsurfing.shop\/wp-content\/uploads\/2026\/02\/08b25741-8c01-424d-8e23-9b340ef57486.__CR00970600_PT0_SX970_V1___-768x475.jpg 768w, https:\/\/smoothsurfing.shop\/wp-content\/uploads\/2026\/02\/08b25741-8c01-424d-8e23-9b340ef57486.__CR00970600_PT0_SX970_V1___-18x12.jpg 18w, https:\/\/smoothsurfing.shop\/wp-content\/uploads\/2026\/02\/08b25741-8c01-424d-8e23-9b340ef57486.__CR00970600_PT0_SX970_V1___-600x371.jpg 600w, https:\/\/smoothsurfing.shop\/wp-content\/uploads\/2026\/02\/08b25741-8c01-424d-8e23-9b340ef57486.__CR00970600_PT0_SX970_V1___-1x1.jpg 1w, https:\/\/smoothsurfing.shop\/wp-content\/uploads\/2026\/02\/08b25741-8c01-424d-8e23-9b340ef57486.__CR00970600_PT0_SX970_V1___-10x6.jpg 10w\" sizes=\"auto, (max-width: 970px) 100vw, 970px\" \/>\t\t\t\t\t\t\t\t\t\t\t\t\t\t\t<\/div>\n\t\t\t\t<\/div>\n\t\t\t\t<div class=\"elementor-element elementor-element-55be9e82 elementor-widget elementor-widget-image\" data-id=\"55be9e82\" data-element_type=\"widget\" data-settings=\"{&quot;ekit_we_effect_on&quot;:&quot;none&quot;}\" data-widget_type=\"image.default\">\n\t\t\t\t<div class=\"elementor-widget-container\">\n\t\t\t\t\t\t\t\t\t\t\t\t\t\t\t<img loading=\"lazy\" decoding=\"async\" width=\"970\" height=\"600\" src=\"https:\/\/smoothsurfing.shop\/wp-content\/uploads\/2026\/02\/55b07393-9d95-4721-a7c9-40e94d7a4ad3.__CR00970600_PT0_SX970_V1___.jpg\" class=\"attachment-large size-large wp-image-13309 wvs-archive-product-image\" alt=\"\" srcset=\"https:\/\/smoothsurfing.shop\/wp-content\/uploads\/2026\/02\/55b07393-9d95-4721-a7c9-40e94d7a4ad3.__CR00970600_PT0_SX970_V1___.jpg 970w, https:\/\/smoothsurfing.shop\/wp-content\/uploads\/2026\/02\/55b07393-9d95-4721-a7c9-40e94d7a4ad3.__CR00970600_PT0_SX970_V1___-300x186.jpg 300w, https:\/\/smoothsurfing.shop\/wp-content\/uploads\/2026\/02\/55b07393-9d95-4721-a7c9-40e94d7a4ad3.__CR00970600_PT0_SX970_V1___-768x475.jpg 768w, https:\/\/smoothsurfing.shop\/wp-content\/uploads\/2026\/02\/55b07393-9d95-4721-a7c9-40e94d7a4ad3.__CR00970600_PT0_SX970_V1___-18x12.jpg 18w, https:\/\/smoothsurfing.shop\/wp-content\/uploads\/2026\/02\/55b07393-9d95-4721-a7c9-40e94d7a4ad3.__CR00970600_PT0_SX970_V1___-600x371.jpg 600w, https:\/\/smoothsurfing.shop\/wp-content\/uploads\/2026\/02\/55b07393-9d95-4721-a7c9-40e94d7a4ad3.__CR00970600_PT0_SX970_V1___-1x1.jpg 1w, https:\/\/smoothsurfing.shop\/wp-content\/uploads\/2026\/02\/55b07393-9d95-4721-a7c9-40e94d7a4ad3.__CR00970600_PT0_SX970_V1___-10x6.jpg 10w\" sizes=\"auto, (max-width: 970px) 100vw, 970px\" \/>\t\t\t\t\t\t\t\t\t\t\t\t\t\t\t<\/div>\n\t\t\t\t<\/div>\n\t\t\t\t\t<\/div>\n\t\t\t\t<\/div>\n\t\t<div class=\"elementor-element elementor-element-26463122 e-flex e-con-boxed e-con e-parent\" data-id=\"26463122\" data-element_type=\"container\" data-settings=\"{&quot;ekit_has_onepagescroll_dot&quot;:&quot;yes&quot;}\">\n\t\t\t\t\t<div class=\"e-con-inner\">\n\t\t\t\t<div class=\"elementor-element elementor-element-71d1273d elementor-widget elementor-widget-text-editor\" data-id=\"71d1273d\" data-element_type=\"widget\" data-settings=\"{&quot;ekit_we_effect_on&quot;:&quot;none&quot;}\" data-widget_type=\"text-editor.default\">\n\t\t\t\t<div class=\"elementor-widget-container\">\n\t\t\t\t\t\t\t\t\t<h1 class=\"a-size-base-plus a-text-bold\">Acerca de este art\u00edculo<\/h1><ul class=\"a-unordered-list a-vertical a-spacing-mini\"><li class=\"a-spacing-mini\"><span class=\"a-list-item\">1. ORGANIZADOR DE ZAPATOS PLEGABLE - Esta caja de zapatos de pl\u00e1stico transparente plegable cambia las reglas del juego para sus problemas de almacenamiento de zapatos, ahorra espacio y le aporta comodidad y conveniencia para almacenar cada par.<\/span><\/li><li class=\"a-spacing-mini\"><span class=\"a-list-item\">2. MATERIAL FUERTE - Hecho de material ABS de primera calidad, las cajas de almacenamiento de zapatos es m\u00e1s fuerte que el material PP y duradero que incluso puede soportar el peso de un adulto.<\/span><\/li><li class=\"a-spacing-mini\"><span class=\"a-list-item\">3. Ahorra espacio: Las dimensiones de las cajas para guardar zapatos de seis capas son 105*35,5*25,5 cm cuando est\u00e1n totalmente desplegadas y 17,5*35,5*25,5 cm cuando est\u00e1n totalmente plegadas. Puede montar el n\u00famero seg\u00fan sus necesidades, y hay seis capas en total.<\/span><\/li><li class=\"a-spacing-mini\"><span class=\"a-list-item\">4. 4. DISE\u00d1O DE EXPOSICI\u00d3N TRANSPARENTE: Exhiba y organice sus zapatos favoritos con cajas transparentes para guardar zapatos. Nuestras cajas de zapatos premium son la adici\u00f3n perfecta a cada armario y dormitorio, haciendo que su hogar, dormitorio y tienda se vean ordenados y con estilo.<\/span><\/li><li class=\"a-spacing-mini\"><span class=\"a-list-item\">5. Cajas de zapatos f\u00e1ciles de montar: el montaje es muy c\u00f3modo y r\u00e1pido. Es posible que s\u00f3lo necesite 1-2 minutos para montar.<\/span><\/li><\/ul>\t\t\t\t\t\t\t\t<\/div>\n\t\t\t\t<\/div>\n\t\t\t\t\t<\/div>\n\t\t\t\t<\/div>\n\t\t\t\t<\/div>","protected":false},"excerpt":{"rendered":"<p>Technical Details Manufacturer \u200eWuciray Product Dimensions \u200e105 x 25.5 x 34.5 cm; 3.37 kg Size \u200elarge Colour \u200e1# Style \u200eFoldable&#8230;<\/p>","protected":false},"featured_media":13295,"comment_status":"open","ping_status":"closed","template":"","meta":{"_acf_changed":false},"etheme_brands":[],"product_brand":[],"product_cat":[127,118],"product_tag":[],"class_list":{"0":"post-13294","1":"product","2":"type-product","3":"status-publish","4":"has-post-thumbnail","6":"product_cat-dao","7":"product_cat-sale-shop","9":"first","10":"instock","11":"sale","12":"shipping-taxable","13":"purchasable","14":"product-type-simple"},"acf":[],"_links":{"self":[{"href":"https:\/\/smoothsurfing.shop\/es\/wp-json\/wp\/v2\/product\/13294","targetHints":{"allow":["GET"]}}],"collection":[{"href":"https:\/\/smoothsurfing.shop\/es\/wp-json\/wp\/v2\/product"}],"about":[{"href":"https:\/\/smoothsurfing.shop\/es\/wp-json\/wp\/v2\/types\/product"}],"replies":[{"embeddable":true,"href":"https:\/\/smoothsurfing.shop\/es\/wp-json\/wp\/v2\/comments?post=13294"}],"version-history":[{"count":4,"href":"https:\/\/smoothsurfing.shop\/es\/wp-json\/wp\/v2\/product\/13294\/revisions"}],"predecessor-version":[{"id":13315,"href":"https:\/\/smoothsurfing.shop\/es\/wp-json\/wp\/v2\/product\/13294\/revisions\/13315"}],"wp:featuredmedia":[{"embeddable":true,"href":"https:\/\/smoothsurfing.shop\/es\/wp-json\/wp\/v2\/media\/13295"}],"wp:attachment":[{"href":"https:\/\/smoothsurfing.shop\/es\/wp-json\/wp\/v2\/media?parent=13294"}],"wp:term":[{"taxonomy":"brand","embeddable":true,"href":"https:\/\/smoothsurfing.shop\/es\/wp-json\/wp\/v2\/etheme_brands?post=13294"},{"taxonomy":"product_brand","embeddable":true,"href":"https:\/\/smoothsurfing.shop\/es\/wp-json\/wp\/v2\/product_brand?post=13294"},{"taxonomy":"product_cat","embeddable":true,"href":"https:\/\/smoothsurfing.shop\/es\/wp-json\/wp\/v2\/product_cat?post=13294"},{"taxonomy":"product_tag","embeddable":true,"href":"https:\/\/smoothsurfing.shop\/es\/wp-json\/wp\/v2\/product_tag?post=13294"}],"curies":[{"name":"wp","href":"https:\/\/api.w.org\/{rel}","templated":true}]}}